{"id":3548,"date":"2022-01-19T08:09:54","date_gmt":"2022-01-19T08:09:54","guid":{"rendered":"https:\/\/folkmatmoten.se\/kontorslokal\/"},"modified":"2023-09-21T17:59:10","modified_gmt":"2023-09-21T17:59:10","slug":"kontorslokal","status":"publish","type":"page","link":"https:\/\/folkmatmoten.se\/da\/kontorslokal\/","title":{"rendered":"Kontorlokaler"},"content":{"rendered":"[vc_row type=&#8221;full_width_background&#8221; full_screen_row_position=&#8221;middle&#8221; column_margin=&#8221;none&#8221; column_direction=&#8221;default&#8221; column_direction_tablet=&#8221;default&#8221; column_direction_phone=&#8221;default&#8221; bg_color=&#8221;#ffffff&#8221; bg_image=&#8221;1875&#8243; bg_position=&#8221;center center&#8221; background_image_loading=&#8221;default&#8221; bg_repeat=&#8221;no-repeat&#8221; scene_position=&#8221;center&#8221; layer_one_image=&#8221;607&#8243; layer_one_strength=&#8221;0&#8243; layer_two_image=&#8221;635&#8243; layer_two_strength=&#8221;1&#8243; top_padding=&#8221;10%&#8221; bottom_padding=&#8221;2%&#8221; top_padding_tablet=&#8221;30%&#8221; constrain_group_3=&#8221;yes&#8221; bottom_padding_tablet=&#8221;30%&#8221; top_padding_phone=&#8221;40%&#8221; constrain_group_5=&#8221;yes&#8221; bottom_padding_phone=&#8221;40%&#8221; text_color=&#8221;light&#8221; text_align=&#8221;center&#8221; row_border_radius=&#8221;none&#8221; row_border_radius_applies=&#8221;bg&#8221; color_overlay=&#8221;#191c22&#8243; overlay_strength=&#8221;0.3&#8243; gradient_direction=&#8221;radial&#8221; shape_divider_color=&#8221;#191c22&#8243; shape_divider_position=&#8221;bottom&#8221; shape_divider_height=&#8221;20%&#8221; shape_divider_bring_to_front=&#8221;true&#8221; bg_image_animation=&#8221;zoom-out&#8221; parallax_bg=&#8221;true&#8221; parallax_bg_speed=&#8221;medium_fast&#8221; shape_type=&#8221;curve_opacity&#8221;][vc_column column_padding=&#8221;no-extra-padding&#8221; column_padding_tablet=&#8221;inherit&#8221; column_padding_phone=&#8221;inherit&#8221; column_padding_position=&#8221;all&#8221; top_margin=&#8221;10%&#8221; bottom_margin=&#8221;2%&#8221; column_element_spacing=&#8221;0px&#8221; background_color_opacity=&#8221;1&#8243; background_hover_color_opacity=&#8221;1&#8243; column_shadow=&#8221;none&#8221; column_border_radius=&#8221;none&#8221; column_link_target=&#8221;_self&#8221; gradient_direction=&#8221;radial&#8221; overlay_strength=&#8221;0.3&#8243; width=&#8221;1\/1&#8243; tablet_width_inherit=&#8221;default&#8221; tablet_text_alignment=&#8221;default&#8221; phone_text_alignment=&#8221;center&#8221; bg_image_animation=&#8221;zoom-out-reveal&#8221; parallax_bg=&#8221;true&#8221; parallax_bg_speed=&#8221;fast&#8221; border_type=&#8221;simple&#8221; column_border_width=&#8221;none&#8221; column_border_style=&#8221;solid&#8221;][vc_row_inner column_margin=&#8221;default&#8221; column_direction=&#8221;default&#8221; column_direction_tablet=&#8221;default&#8221; column_direction_phone=&#8221;default&#8221; top_padding=&#8221;2%&#8221; text_align=&#8221;left&#8221;][vc_column_inner column_padding=&#8221;no-extra-padding&#8221; column_padding_tablet=&#8221;inherit&#8221; column_padding_phone=&#8221;inherit&#8221; column_padding_position=&#8221;all&#8221; column_element_spacing=&#8221;default&#8221; background_color_opacity=&#8221;1&#8243; background_hover_color_opacity=&#8221;1&#8243; column_shadow=&#8221;none&#8221; column_border_radius=&#8221;none&#8221; column_link_target=&#8221;_self&#8221; gradient_direction=&#8221;left_to_right&#8221; overlay_strength=&#8221;0.3&#8243; width=&#8221;1\/1&#8243; tablet_width_inherit=&#8221;default&#8221; bg_image_animation=&#8221;none&#8221; border_type=&#8221;simple&#8221; column_border_width=&#8221;none&#8221; column_border_style=&#8221;solid&#8221; offset=&#8221;vc_hidden-xs&#8221;][vc_custom_heading text=&#8221;kontorslokaler&#8221; font_container=&#8221;tag:h1|text_align:center&#8221; google_fonts=&#8221;font_family:neutra%3Aregular|font_style:400%20regular%3A400%3Anormal&#8221;][\/vc_column_inner][\/vc_row_inner][\/vc_column][\/vc_row][vc_row type=&#8221;full_width_background&#8221; full_screen_row_position=&#8221;middle&#8221; column_margin=&#8221;default&#8221; column_direction=&#8221;default&#8221; column_direction_tablet=&#8221;default&#8221; column_direction_phone=&#8221;default&#8221; bg_color=&#8221;#191c22&#8243; scene_position=&#8221;center&#8221; top_padding=&#8221;10%&#8221; bottom_padding=&#8221;5%&#8221; top_padding_tablet=&#8221;20%&#8221; bottom_padding_tablet=&#8221;10%&#8221; text_color=&#8221;light&#8221; text_align=&#8221;left&#8221; row_border_radius=&#8221;none&#8221; row_border_radius_applies=&#8221;bg&#8221; overlay_strength=&#8221;0.3&#8243; gradient_direction=&#8221;left_to_right&#8221; enable_shape_divider=&#8221;true&#8221; shape_divider_color=&#8221;#14171e&#8221; shape_divider_position=&#8221;bottom&#8221; shape_divider_height=&#8221;20%&#8221; bg_image_animation=&#8221;none&#8221; shape_type=&#8221;fan&#8221;][vc_column column_padding=&#8221;no-extra-padding&#8221; column_padding_tablet=&#8221;inherit&#8221; column_padding_phone=&#8221;inherit&#8221; column_padding_position=&#8221;all&#8221; column_element_spacing=&#8221;0px&#8221; background_color_opacity=&#8221;1&#8243; background_hover_color_opacity=&#8221;1&#8243; column_shadow=&#8221;none&#8221; column_border_radius=&#8221;none&#8221; column_link_target=&#8221;_self&#8221; gradient_direction=&#8221;left_to_right&#8221; overlay_strength=&#8221;0.3&#8243; width=&#8221;1\/1&#8243; tablet_width_inherit=&#8221;default&#8221; tablet_text_alignment=&#8221;default&#8221; phone_text_alignment=&#8221;default&#8221; bg_image_animation=&#8221;none&#8221; border_type=&#8221;simple&#8221; column_border_width=&#8221;none&#8221; column_border_style=&#8221;solid&#8221;][vc_row_inner column_margin=&#8221;default&#8221; column_direction=&#8221;default&#8221; column_direction_tablet=&#8221;default&#8221; column_direction_phone=&#8221;default&#8221; text_align=&#8221;left&#8221;][vc_column_inner column_padding=&#8221;no-extra-padding&#8221; column_padding_tablet=&#8221;inherit&#8221; column_padding_phone=&#8221;inherit&#8221; column_padding_position=&#8221;all&#8221; column_element_spacing=&#8221;default&#8221; background_color_opacity=&#8221;1&#8243; background_hover_color_opacity=&#8221;1&#8243; column_shadow=&#8221;none&#8221; column_border_radius=&#8221;none&#8221; column_link_target=&#8221;_self&#8221; gradient_direction=&#8221;left_to_right&#8221; overlay_strength=&#8221;0.3&#8243; width=&#8221;1\/2&#8243; tablet_width_inherit=&#8221;default&#8221; bg_image_animation=&#8221;none&#8221; border_type=&#8221;simple&#8221; column_border_width=&#8221;none&#8221; column_border_style=&#8221;solid&#8221;][split_line_heading animation_type=&#8221;default&#8221;]\n<h2 class=\"vc_custom_heading\">JOBBA CENTRALT I MALM\u00d6<\/h2>\n<h2 class=\"vc_custom_heading\">MED N\u00c4RA TILL ALLT<\/h2>\n[\/split_line_heading][\/vc_column_inner][vc_column_inner column_padding=&#8221;no-extra-padding&#8221; column_padding_tablet=&#8221;inherit&#8221; column_padding_phone=&#8221;inherit&#8221; column_padding_position=&#8221;all&#8221; column_element_spacing=&#8221;default&#8221; centered_text=&#8221;true&#8221; background_color_opacity=&#8221;1&#8243; background_hover_color_opacity=&#8221;1&#8243; column_shadow=&#8221;none&#8221; column_border_radius=&#8221;none&#8221; column_link_target=&#8221;_self&#8221; gradient_direction=&#8221;left_to_right&#8221; overlay_strength=&#8221;0.3&#8243; width=&#8221;1\/2&#8243; tablet_width_inherit=&#8221;default&#8221; bg_image_animation=&#8221;none&#8221; border_type=&#8221;simple&#8221; column_border_width=&#8221;none&#8221; column_border_style=&#8221;solid&#8221; offset=&#8221;vc_hidden-xs&#8221;][vc_custom_heading text=&#8221;Lediga lokaler&#8221; font_container=&#8221;tag:h2|text_align:center&#8221;][vc_column_text]\n<ul>\n<li>460 kvm<\/li>\n<li>540kvm<\/li>\n<\/ul>\n[\/vc_column_text][\/vc_column_inner][\/vc_row_inner][vc_row_inner equal_height=&#8221;yes&#8221; content_placement=&#8221;middle&#8221; column_margin=&#8221;default&#8221; column_direction=&#8221;default&#8221; column_direction_tablet=&#8221;default&#8221; column_direction_phone=&#8221;default&#8221; top_padding=&#8221;15&#8243; text_align=&#8221;left&#8221;][vc_column_inner column_padding=&#8221;no-extra-padding&#8221; column_padding_tablet=&#8221;inherit&#8221; column_padding_phone=&#8221;inherit&#8221; column_padding_position=&#8221;all&#8221; column_element_spacing=&#8221;default&#8221; background_color_opacity=&#8221;1&#8243; background_hover_color_opacity=&#8221;1&#8243; column_shadow=&#8221;none&#8221; column_border_radius=&#8221;none&#8221; column_link_target=&#8221;_self&#8221; gradient_direction=&#8221;left_to_right&#8221; overlay_strength=&#8221;0.3&#8243; width=&#8221;1\/2&#8243; tablet_width_inherit=&#8221;small_desktop&#8221; bg_image_animation=&#8221;none&#8221; enable_animation=&#8221;true&#8221; animation=&#8221;fade-in-from-bottom&#8221; border_type=&#8221;simple&#8221; column_border_width=&#8221;none&#8221; column_border_style=&#8221;solid&#8221; offset=&#8221;vc_col-md-6&#8243;][vc_column_text]Malm\u00f6, k\u00e4rnan och mittpunkten i \u00d6resundsregionen, \u00e4r en fantastisk plats att etablera sig p\u00e5. I folket, likv\u00e4l i staden, finns det en stolthet att driva utvecklingen fram\u00e5t och konkurrera med storebror K\u00f6penhamn p\u00e5 andra sidan bron. H\u00e4r skapar vi m\u00f6jlighet till utveckling f\u00f6r ditt f\u00f6retag och dina id\u00e9er i v\u00e5ra lediga konferenssalar i Malm\u00f6. Kontakta oss s\u00e5 hj\u00e4lper vi dig hitta en ledig konferenslokal![\/vc_column_text][vc_column_text]Kontorslokalerna 460 och 540 \u00e4r just nu lediga[\/vc_column_text][\/vc_column_inner][vc_column_inner column_padding=&#8221;no-extra-padding&#8221; column_padding_tablet=&#8221;inherit&#8221; column_padding_phone=&#8221;inherit&#8221; column_padding_position=&#8221;all&#8221; column_element_spacing=&#8221;default&#8221; centered_text=&#8221;true&#8221; background_color_opacity=&#8221;1&#8243; background_hover_color_opacity=&#8221;1&#8243; column_shadow=&#8221;none&#8221; column_border_radius=&#8221;none&#8221; column_link_target=&#8221;_self&#8221; gradient_direction=&#8221;left_to_right&#8221; overlay_strength=&#8221;0.3&#8243; width=&#8221;1\/2&#8243; tablet_width_inherit=&#8221;small_desktop&#8221; bg_image_animation=&#8221;none&#8221; enable_animation=&#8221;true&#8221; animation=&#8221;fade-in-from-bottom&#8221; border_type=&#8221;simple&#8221; column_border_width=&#8221;none&#8221; column_border_style=&#8221;solid&#8221; offset=&#8221;vc_col-md-6&#8243;][nectar_btn size=&#8221;large&#8221; button_style=&#8221;regular&#8221; button_color_2=&#8221;Extra-Color-2&#8243; solid_text_color_override=&#8221;#000000&#8243; icon_family=&#8221;default_arrow&#8221; text=&#8221;KONTAKTA OSS&#8221; css_animation=&#8221;fadeInLeft&#8221; url=&#8221;https:\/\/folkmatmoten.se\/kontakt\/&#8221;][\/vc_column_inner][\/vc_row_inner][\/vc_column][\/vc_row][vc_row type=&#8221;full_width_content&#8221; full_screen_row_position=&#8221;middle&#8221; column_margin=&#8221;default&#8221; column_direction=&#8221;default&#8221; column_direction_tablet=&#8221;default&#8221; column_direction_phone=&#8221;default&#8221; bg_color=&#8221;#14171e&#8221; scene_position=&#8221;center&#8221; top_padding=&#8221;3%&#8221; text_color=&#8221;light&#8221; text_align=&#8221;left&#8221; row_border_radius=&#8221;none&#8221; row_border_radius_applies=&#8221;bg&#8221; disable_element=&#8221;yes&#8221; overlay_strength=&#8221;0.3&#8243; gradient_direction=&#8221;left_to_right&#8221; shape_divider_color=&#8221;#eeee22&#8243; shape_divider_position=&#8221;top&#8221; shape_divider_height=&#8221;10%&#8221; bg_image_animation=&#8221;none&#8221; shape_type=&#8221;fan&#8221;][vc_column column_padding=&#8221;no-extra-padding&#8221; column_padding_tablet=&#8221;inherit&#8221; column_padding_phone=&#8221;inherit&#8221; column_padding_position=&#8221;all&#8221; column_element_spacing=&#8221;default&#8221; background_color_opacity=&#8221;1&#8243; background_hover_color_opacity=&#8221;1&#8243; column_shadow=&#8221;none&#8221; column_border_radius=&#8221;none&#8221; column_link_target=&#8221;_self&#8221; gradient_direction=&#8221;left_to_right&#8221; overlay_strength=&#8221;0.3&#8243; width=&#8221;1\/1&#8243; tablet_width_inherit=&#8221;default&#8221; tablet_text_alignment=&#8221;default&#8221; phone_text_alignment=&#8221;default&#8221; bg_image_animation=&#8221;none&#8221; border_type=&#8221;simple&#8221; column_border_width=&#8221;none&#8221; column_border_style=&#8221;solid&#8221;][vc_gallery type=&#8221;image_grid&#8221; images=&#8221;1935,1934,1936&#8243; image_grid_loading=&#8221;default&#8221; layout=&#8221;3&#8243; masonry_style=&#8221;true&#8221; bypass_image_cropping=&#8221;true&#8221; item_spacing=&#8221;default&#8221; gallery_style=&#8221;5&#8243; load_in_animation=&#8221;none&#8221;][\/vc_column][\/vc_row]\n","protected":false},"excerpt":{"rendered":"<p>[vc_row type=&#8221;full_width_background&#8221; full_screen_row_position=&#8221;middle&#8221; column_margin=&#8221;none&#8221; column_direction=&#8221;default&#8221; column_direction_tablet=&#8221;default&#8221; column_direction_phone=&#8221;default&#8221; bg_color=&#8221;#ffffff&#8221; bg_image=&#8221;1875&#8243; bg_position=&#8221;center center&#8221; background_image_loading=&#8221;default&#8221; bg_repeat=&#8221;no-repeat&#8221; scene_position=&#8221;center&#8221; layer_one_image=&#8221;607&#8243; layer_one_strength=&#8221;0&#8243; layer_two_image=&#8221;635&#8243; layer_two_strength=&#8221;1&#8243; top_padding=&#8221;10%&#8221; bottom_padding=&#8221;2%&#8221; top_padding_tablet=&#8221;30%&#8221; constrain_group_3=&#8221;yes&#8221; bottom_padding_tablet=&#8221;30%&#8221; top_padding_phone=&#8221;40%&#8221; constrain_group_5=&#8221;yes&#8221; bottom_padding_phone=&#8221;40%&#8221; text_color=&#8221;light&#8221; text_align=&#8221;center&#8221; row_border_radius=&#8221;none&#8221; row_border_radius_applies=&#8221;bg&#8221;&#8230;<\/p>\n","protected":false},"author":3,"featured_media":0,"parent":0,"menu_order":0,"comment_status":"closed","ping_status":"closed","template":"","meta":{"footnotes":""},"class_list":["post-3548","page","type-page","status-publish"],"yoast_head":"<!-- This site is optimized with the Yoast SEO plugin v20.7 - https:\/\/yoast.com\/wordpress\/plugins\/seo\/ -->\n<title>Ledige kontorlokaler i Malm\u00f8 | Kontorlokaler | Folk Mat &amp; M\u00f6ten<\/title>\n<meta name=\"description\" content=\"Find et ledigt kontorlokale hos os! Her i det centrale Malm\u00f8 skaber vi muligheder for udvikling for din virksomhed og dine ideer.\" \/>\n<meta name=\"robots\" content=\"index, follow, max-snippet:-1, max-image-preview:large, max-video-preview:-1\" \/>\n<link rel=\"canonical\" href=\"https:\/\/folkmatmoten.se\/da\/kontorslokal\/\" \/>\n<meta property=\"og:locale\" content=\"da_DK\" \/>\n<meta property=\"og:type\" content=\"article\" \/>\n<meta property=\"og:title\" content=\"Ledige kontorlokaler i Malm\u00f8 | Kontorlokaler | Folk Mat &amp; M\u00f6ten\" \/>\n<meta property=\"og:description\" content=\"Find et ledigt kontorlokale hos os! Her i det centrale Malm\u00f8 skaber vi muligheder for udvikling for din virksomhed og dine ideer.\" \/>\n<meta property=\"og:url\" content=\"https:\/\/folkmatmoten.se\/da\/kontorslokal\/\" \/>\n<meta property=\"og:site_name\" content=\"Folk Mat &amp; M\u00f6ten\" \/>\n<meta property=\"article:publisher\" content=\"https:\/\/www.facebook.com\/folkmatmoten\/\" \/>\n<meta property=\"article:modified_time\" content=\"2023-09-21T17:59:10+00:00\" \/>\n<meta name=\"twitter:card\" content=\"summary_large_image\" \/>\n<meta name=\"twitter:label1\" content=\"Estimeret l\u00e6setid\" \/>\n\t<meta name=\"twitter:data1\" content=\"2 minutter\" \/>\n<script type=\"application\/ld+json\" class=\"yoast-schema-graph\">{\"@context\":\"https:\/\/schema.org\",\"@graph\":[{\"@type\":\"Article\",\"@id\":\"https:\/\/folkmatmoten.se\/da\/kontorslokal\/#article\",\"isPartOf\":{\"@id\":\"https:\/\/folkmatmoten.se\/da\/kontorslokal\/\"},\"author\":{\"name\":\"Folk Mat &amp; M\u00f6ten\",\"@id\":\"https:\/\/folkmatmoten.se\/da\/#\/schema\/person\/61e9b0ba60474b1450d749f3414aeffb\"},\"headline\":\"Kontorlokaler\",\"datePublished\":\"2022-01-19T08:09:54+00:00\",\"dateModified\":\"2023-09-21T17:59:10+00:00\",\"mainEntityOfPage\":{\"@id\":\"https:\/\/folkmatmoten.se\/da\/kontorslokal\/\"},\"wordCount\":1209,\"publisher\":{\"@id\":\"https:\/\/folkmatmoten.se\/da\/#organization\"},\"inLanguage\":\"da-DK\"},{\"@type\":[\"WebPage\",\"ItemPage\"],\"@id\":\"https:\/\/folkmatmoten.se\/da\/kontorslokal\/\",\"url\":\"https:\/\/folkmatmoten.se\/da\/kontorslokal\/\",\"name\":\"Ledige kontorlokaler i Malm\u00f8 | Kontorlokaler | Folk Mat & M\u00f6ten\",\"isPartOf\":{\"@id\":\"https:\/\/folkmatmoten.se\/da\/#website\"},\"datePublished\":\"2022-01-19T08:09:54+00:00\",\"dateModified\":\"2023-09-21T17:59:10+00:00\",\"description\":\"Find et ledigt kontorlokale hos os! Her i det centrale Malm\u00f8 skaber vi muligheder for udvikling for din virksomhed og dine ideer.\",\"breadcrumb\":{\"@id\":\"https:\/\/folkmatmoten.se\/da\/kontorslokal\/#breadcrumb\"},\"inLanguage\":\"da-DK\",\"potentialAction\":[{\"@type\":\"ReadAction\",\"target\":[\"https:\/\/folkmatmoten.se\/da\/kontorslokal\/\"]}]},{\"@type\":\"BreadcrumbList\",\"@id\":\"https:\/\/folkmatmoten.se\/da\/kontorslokal\/#breadcrumb\",\"itemListElement\":[{\"@type\":\"ListItem\",\"position\":1,\"name\":\"Home\",\"item\":\"https:\/\/folkmatmoten.se\/da\/\"},{\"@type\":\"ListItem\",\"position\":2,\"name\":\"Kontorlokaler\"}]},{\"@type\":\"WebSite\",\"@id\":\"https:\/\/folkmatmoten.se\/da\/#website\",\"url\":\"https:\/\/folkmatmoten.se\/da\/\",\"name\":\"Folk Mat &amp; M\u00f6ten\",\"description\":\"\",\"publisher\":{\"@id\":\"https:\/\/folkmatmoten.se\/da\/#organization\"},\"potentialAction\":[{\"@type\":\"SearchAction\",\"target\":{\"@type\":\"EntryPoint\",\"urlTemplate\":\"https:\/\/folkmatmoten.se\/da\/?s={search_term_string}\"},\"query-input\":\"required name=search_term_string\"}],\"inLanguage\":\"da-DK\"},{\"@type\":\"Organization\",\"@id\":\"https:\/\/folkmatmoten.se\/da\/#organization\",\"name\":\"Folk Mat och M\u00f6ten\",\"url\":\"https:\/\/folkmatmoten.se\/da\/\",\"logo\":{\"@type\":\"ImageObject\",\"inLanguage\":\"da-DK\",\"@id\":\"https:\/\/folkmatmoten.se\/da\/#\/schema\/logo\/image\/\",\"url\":\"https:\/\/folkmatmoten.se\/wp-content\/uploads\/2021\/10\/folk-mat-och-moten-logo.png\",\"contentUrl\":\"https:\/\/folkmatmoten.se\/wp-content\/uploads\/2021\/10\/folk-mat-och-moten-logo.png\",\"width\":400,\"height\":400,\"caption\":\"Folk Mat och M\u00f6ten\"},\"image\":{\"@id\":\"https:\/\/folkmatmoten.se\/da\/#\/schema\/logo\/image\/\"},\"sameAs\":[\"https:\/\/www.facebook.com\/folkmatmoten\/\",\"https:\/\/www.instagram.com\/folkmatmoten\/\",\"https:\/\/www.linkedin.com\/company\/11457778\/\"]},{\"@type\":\"Person\",\"@id\":\"https:\/\/folkmatmoten.se\/da\/#\/schema\/person\/61e9b0ba60474b1450d749f3414aeffb\",\"name\":\"Folk Mat &amp; M\u00f6ten\",\"image\":{\"@type\":\"ImageObject\",\"inLanguage\":\"da-DK\",\"@id\":\"https:\/\/folkmatmoten.se\/da\/#\/schema\/person\/image\/\",\"url\":\"https:\/\/secure.gravatar.com\/avatar\/617d520f671e1e44c4b8805f4b9849feb51ded84d37efeb81ffa3773f297a405?s=96&d=mm&r=g\",\"contentUrl\":\"https:\/\/secure.gravatar.com\/avatar\/617d520f671e1e44c4b8805f4b9849feb51ded84d37efeb81ffa3773f297a405?s=96&d=mm&r=g\",\"caption\":\"Folk Mat &amp; M\u00f6ten\"},\"sameAs\":[\"http:\/\/www.folkmatmoten.se\"],\"url\":\"https:\/\/folkmatmoten.se\/da\/author\/bokningen\/\"}]}<\/script>\n<!-- \/ Yoast SEO plugin. -->","yoast_head_json":{"title":"Ledige kontorlokaler i Malm\u00f8 | Kontorlokaler | Folk Mat & M\u00f6ten","description":"Find et ledigt kontorlokale hos os! Her i det centrale Malm\u00f8 skaber vi muligheder for udvikling for din virksomhed og dine ideer.","robots":{"index":"index","follow":"follow","max-snippet":"max-snippet:-1","max-image-preview":"max-image-preview:large","max-video-preview":"max-video-preview:-1"},"canonical":"https:\/\/folkmatmoten.se\/da\/kontorslokal\/","og_locale":"da_DK","og_type":"article","og_title":"Ledige kontorlokaler i Malm\u00f8 | Kontorlokaler | Folk Mat & M\u00f6ten","og_description":"Find et ledigt kontorlokale hos os! Her i det centrale Malm\u00f8 skaber vi muligheder for udvikling for din virksomhed og dine ideer.","og_url":"https:\/\/folkmatmoten.se\/da\/kontorslokal\/","og_site_name":"Folk Mat &amp; M\u00f6ten","article_publisher":"https:\/\/www.facebook.com\/folkmatmoten\/","article_modified_time":"2023-09-21T17:59:10+00:00","twitter_card":"summary_large_image","twitter_misc":{"Estimeret l\u00e6setid":"2 minutter"},"schema":{"@context":"https:\/\/schema.org","@graph":[{"@type":"Article","@id":"https:\/\/folkmatmoten.se\/da\/kontorslokal\/#article","isPartOf":{"@id":"https:\/\/folkmatmoten.se\/da\/kontorslokal\/"},"author":{"name":"Folk Mat &amp; M\u00f6ten","@id":"https:\/\/folkmatmoten.se\/da\/#\/schema\/person\/61e9b0ba60474b1450d749f3414aeffb"},"headline":"Kontorlokaler","datePublished":"2022-01-19T08:09:54+00:00","dateModified":"2023-09-21T17:59:10+00:00","mainEntityOfPage":{"@id":"https:\/\/folkmatmoten.se\/da\/kontorslokal\/"},"wordCount":1209,"publisher":{"@id":"https:\/\/folkmatmoten.se\/da\/#organization"},"inLanguage":"da-DK"},{"@type":["WebPage","ItemPage"],"@id":"https:\/\/folkmatmoten.se\/da\/kontorslokal\/","url":"https:\/\/folkmatmoten.se\/da\/kontorslokal\/","name":"Ledige kontorlokaler i Malm\u00f8 | Kontorlokaler | Folk Mat & M\u00f6ten","isPartOf":{"@id":"https:\/\/folkmatmoten.se\/da\/#website"},"datePublished":"2022-01-19T08:09:54+00:00","dateModified":"2023-09-21T17:59:10+00:00","description":"Find et ledigt kontorlokale hos os! Her i det centrale Malm\u00f8 skaber vi muligheder for udvikling for din virksomhed og dine ideer.","breadcrumb":{"@id":"https:\/\/folkmatmoten.se\/da\/kontorslokal\/#breadcrumb"},"inLanguage":"da-DK","potentialAction":[{"@type":"ReadAction","target":["https:\/\/folkmatmoten.se\/da\/kontorslokal\/"]}]},{"@type":"BreadcrumbList","@id":"https:\/\/folkmatmoten.se\/da\/kontorslokal\/#breadcrumb","itemListElement":[{"@type":"ListItem","position":1,"name":"Home","item":"https:\/\/folkmatmoten.se\/da\/"},{"@type":"ListItem","position":2,"name":"Kontorlokaler"}]},{"@type":"WebSite","@id":"https:\/\/folkmatmoten.se\/da\/#website","url":"https:\/\/folkmatmoten.se\/da\/","name":"Folk Mat &amp; M\u00f6ten","description":"","publisher":{"@id":"https:\/\/folkmatmoten.se\/da\/#organization"},"potentialAction":[{"@type":"SearchAction","target":{"@type":"EntryPoint","urlTemplate":"https:\/\/folkmatmoten.se\/da\/?s={search_term_string}"},"query-input":"required name=search_term_string"}],"inLanguage":"da-DK"},{"@type":"Organization","@id":"https:\/\/folkmatmoten.se\/da\/#organization","name":"Folk Mat och M\u00f6ten","url":"https:\/\/folkmatmoten.se\/da\/","logo":{"@type":"ImageObject","inLanguage":"da-DK","@id":"https:\/\/folkmatmoten.se\/da\/#\/schema\/logo\/image\/","url":"https:\/\/folkmatmoten.se\/wp-content\/uploads\/2021\/10\/folk-mat-och-moten-logo.png","contentUrl":"https:\/\/folkmatmoten.se\/wp-content\/uploads\/2021\/10\/folk-mat-och-moten-logo.png","width":400,"height":400,"caption":"Folk Mat och M\u00f6ten"},"image":{"@id":"https:\/\/folkmatmoten.se\/da\/#\/schema\/logo\/image\/"},"sameAs":["https:\/\/www.facebook.com\/folkmatmoten\/","https:\/\/www.instagram.com\/folkmatmoten\/","https:\/\/www.linkedin.com\/company\/11457778\/"]},{"@type":"Person","@id":"https:\/\/folkmatmoten.se\/da\/#\/schema\/person\/61e9b0ba60474b1450d749f3414aeffb","name":"Folk Mat &amp; M\u00f6ten","image":{"@type":"ImageObject","inLanguage":"da-DK","@id":"https:\/\/folkmatmoten.se\/da\/#\/schema\/person\/image\/","url":"https:\/\/secure.gravatar.com\/avatar\/617d520f671e1e44c4b8805f4b9849feb51ded84d37efeb81ffa3773f297a405?s=96&d=mm&r=g","contentUrl":"https:\/\/secure.gravatar.com\/avatar\/617d520f671e1e44c4b8805f4b9849feb51ded84d37efeb81ffa3773f297a405?s=96&d=mm&r=g","caption":"Folk Mat &amp; M\u00f6ten"},"sameAs":["http:\/\/www.folkmatmoten.se"],"url":"https:\/\/folkmatmoten.se\/da\/author\/bokningen\/"}]}},"_links":{"self":[{"href":"https:\/\/folkmatmoten.se\/da\/wp-json\/wp\/v2\/pages\/3548","targetHints":{"allow":["GET"]}}],"collection":[{"href":"https:\/\/folkmatmoten.se\/da\/wp-json\/wp\/v2\/pages"}],"about":[{"href":"https:\/\/folkmatmoten.se\/da\/wp-json\/wp\/v2\/types\/page"}],"author":[{"embeddable":true,"href":"https:\/\/folkmatmoten.se\/da\/wp-json\/wp\/v2\/users\/3"}],"replies":[{"embeddable":true,"href":"https:\/\/folkmatmoten.se\/da\/wp-json\/wp\/v2\/comments?post=3548"}],"version-history":[{"count":2,"href":"https:\/\/folkmatmoten.se\/da\/wp-json\/wp\/v2\/pages\/3548\/revisions"}],"predecessor-version":[{"id":4311,"href":"https:\/\/folkmatmoten.se\/da\/wp-json\/wp\/v2\/pages\/3548\/revisions\/4311"}],"wp:attachment":[{"href":"https:\/\/folkmatmoten.se\/da\/wp-json\/wp\/v2\/media?parent=3548"}],"curies":[{"name":"wp","href":"https:\/\/api.w.org\/{rel}","templated":true}]}}